{"id":203,"date":"2019-01-04T16:23:45","date_gmt":"2019-01-04T15:23:45","guid":{"rendered":"http:\/\/aaapoedi.noblogs.org\/?page_id=203"},"modified":"2019-11-21T10:21:12","modified_gmt":"2019-11-21T09:21:12","slug":"skillshare","status":"publish","type":"page","link":"https:\/\/aaapoedi.noblogs.org\/en-US\/skillshare\/","title":{"rendered":"Skillshare 2019"},"content":{"rendered":"<h1>P\u00f6delwitz lebt! P\u00f6delwitz bleibt!<\/h1>\n<p><strong>Pressemitteilung<\/strong><\/p>\n<p style=\"text-align: right\">03.01.2018, P\u00f6delwitz<\/p>\n<p><img loading=\"lazy\" decoding=\"async\" class=\" wp-image-204 aligncenter\" src=\"https:\/\/aaapoedi.noblogs.org\/files\/2019\/01\/poedelwitz1-300x255.png\" alt=\"\" width=\"353\" height=\"300\" srcset=\"https:\/\/aaapoedi.noblogs.org\/files\/2019\/01\/poedelwitz1-300x255.png 300w, https:\/\/aaapoedi.noblogs.org\/files\/2019\/01\/poedelwitz1-768x652.png 768w, https:\/\/aaapoedi.noblogs.org\/files\/2019\/01\/poedelwitz1.png 1000w\" sizes=\"auto, (max-width: 353px) 85vw, 353px\" \/><img loading=\"lazy\" decoding=\"async\" class=\"wp-image-205 aligncenter\" src=\"https:\/\/aaapoedi.noblogs.org\/files\/2019\/01\/poedelqitz2-300x208.png\" alt=\"\" width=\"359\" height=\"249\" srcset=\"https:\/\/aaapoedi.noblogs.org\/files\/2019\/01\/poedelqitz2-300x208.png 300w, https:\/\/aaapoedi.noblogs.org\/files\/2019\/01\/poedelqitz2-768x532.png 768w, https:\/\/aaapoedi.noblogs.org\/files\/2019\/01\/poedelqitz2.png 1000w\" sizes=\"auto, (max-width: 359px) 85vw, 359px\" \/><\/p>\n<p>Vom 3. \u2013 6. Januar 2018 werden in P\u00f6delwitz bei Groitzsch \u00fcber 70 Menschen zum Skillshare (mehrt\u00e4gige Konferenz) und Vernetzungstreffen erwartet. Dieses Treffen setzt sich f\u00fcr den Kohleausstieg, gegen Zwangsumsiedlungen und -enteignung ein. Es wurde von einem Zusammenschluss von Menschen aus dem Raum Leipzig organisiert (Gruppe \u201c<span class=\"caps\">AAA<\/span> P\u00f6delwitz\u201d). Ein Klimacamp1 fand bereits im Sommer 2018 mitten im Dorf statt und verschaffte dem Widerstand in P\u00f6delwitz viel \u00d6ffentlichkeit. Daran kn\u00fcpft das Skillshare an. Die Einwohnerzahl des Dorfes wird dadurch kurzfristig vervierfacht: In P\u00f6delwitz wohnen aktuell 27 Menschen, die noch nicht von der Mitteldeutschen Braunkohlengesellschaft (<span class=\"caps\">MIBRAG<\/span>) vertrieben wurden.<\/p>\n<p>\u201cMit diesem Treffen wollen wir die Aufmerksamkeit nicht nur auf P\u00f6delwitz lenken, sondern auf alle D\u00f6rfer, die vom Raubbau an der Natur bedroht sind.\u201d, sagt Maike Schmidt (Umweltaktivistin, 23, ausgebildete Tischlerin), \u201cWir fordern den sofortigen Ausstieg aus dieser schmutzigen Energiegewinnung durch Braunkohleverstromung! Kohle mag fr\u00fcher n\u00fctzlich gewesen sein, heute an dieser \u00fcberholten Technologie festzuhalten ist angesichts des Klimawandels ignorant und r\u00fccksichtslos gegen\u00fcber allen kommenden Generationen. Energieerzeugung ist auch erneuerbar m\u00f6glich und ein Kohleausstieg unbedingt notwendig. Und zwar jetzt!\u201d<\/p>\n<p>Die Veranstaltung ist f\u00fcr alle offen und wird ausschlie\u00dflich durch Spenden finanziert. Es wird gemeinschaftlich gekocht und es gibt Angebote zu unterschiedlichen Themen. Diese reichen von Workshops zu hierarchiearmen Umweltbewegungen \u00fcber Trommel-Workshops bis hin zu Diskussionen \u00fcber Kapitalismuskritik.<\/p>\n<p>Auch die verbleibenden P\u00f6delwitzer*innen k\u00e4mpfen entschlossen gegen die Abbaggerung des Dorfes. Bereits im Fr\u00fchjahr 2013 gr\u00fcndete sich die B\u00fcrgerinitiative \u201cPro P\u00f6delwitz\u201d, um sich dem Druck der <span class=\"caps\">MIBRAG<\/span> und der s\u00e4chsischen Landesregierung entgegenzustellen und f\u00fcr ein lebenswertes P\u00f6delwitz zu k\u00e4mpfen. Unterst\u00fctzung bekommen sie im B\u00fcndnis \u201cP\u00f6delwitz bleibt\u201d, sowie von weiteren klimaaktiven Gruppen und Einzelpersonen. Regelm\u00e4\u00dfig werden gemeinsam Veranstaltungen organisiert: von roten Linien gegen Kohle bis zu Chorkonzerten in der historischen Kirche.<\/p>\n<p>\u201cWie in so vielen anderen F\u00e4llen auch, soll der Tagebau gegen unseren Willen erweitert werden.\u201d, schreibt Jens Hausner in seiner Petition2. &#8220;P\u00f6delwitz k\u00f6nnte das gleiche Schicksal treffen, wie das benachbarte Heuersdorf und zahlreiche weitere Orte in der Region und bundesweit. Ich will das verhindern. <a href=\"https:\/\/we.riseup.net\/hambiost\/\">&#8230;<\/a> Ich m\u00f6chte nicht zwangsenteignet werden. Ich finde, Zwangsenteignungen sind nicht \u201csozialvertr\u00e4glich\u201d, sondern unmenschlich.&#8221;<\/p>\n<p>Das 700 Jahre alte Bauerndorf P\u00f6delwitz liegt in der fruchtbaren, leipziger Tieflandsbucht und soll 2028\/2029 dem Braunkohle-Tagebau \u201eVereinigtes Schleenhain\u201c zum Opfer fallen. Einzig f\u00fcr die Wirtschaftsinteressen der gro\u00dfen Energiekonzerne <span class=\"caps\">RWE<\/span>, <span class=\"caps\">LEAG<\/span> und <span class=\"caps\">MIBRAG<\/span>, sollen D\u00f6rfer wie P\u00f6delwitz zerst\u00f6rt werden und weitere tausende Menschen ihr Zuhause verlieren. Der Tagebau \u201eVereinigtes Schleenhain\u201c, welcher das Braunkohlekraftwerk Lippendorf versorgt, soll bis 2040 betrieben werden. P\u00f6delwitz ist dabei nicht f\u00fcr eine Abbaggerung vorgesehen, liegt aber in absoluter Randlage des \u00a0Tagebaus. Trotzdem will die Mitteldeutsche Braunkohle AG den Tagebau erweitern und damit P\u00f6delwitz zerst\u00f6ren. Damit wird die Energiewende untergraben. Das geschieht ohne R\u00fccksicht auf die Menschen, die \u00fcber der Kohle leben.<\/p>\n<p><strong>Weitere Informationen:<\/strong><\/p>\n<ul>\n<li><a href=\"https:\/\/aaapoedi.noblogs.org\/\">aaapoedi.noblogs.org<\/a><\/li>\n<li><a href=\"https:\/\/alle-doerfer-bleiben.de\/poedelwitz\">alle-doerfer-bleiben.de\/poedelwitz<\/a><\/li>\n<li><a href=\"http:\/\/pro-poedelwitz.de\/\">pro-poedelwitz.de<\/a><\/li>\n<\/ul>\n<p>&nbsp;<\/p>\n","protected":false},"excerpt":{"rendered":"<p>P\u00f6delwitz lebt! P\u00f6delwitz bleibt! Pressemitteilung 03.01.2018, P\u00f6delwitz Vom 3. \u2013 6. Januar 2018 werden in P\u00f6delwitz bei Groitzsch \u00fcber 70 Menschen zum Skillshare (mehrt\u00e4gige Konferenz) und Vernetzungstreffen erwartet. Dieses Treffen setzt sich f\u00fcr den Kohleausstieg, gegen Zwangsumsiedlungen und -enteignung ein. Es wurde von einem Zusammenschluss von Menschen aus dem Raum Leipzig organisiert (Gruppe \u201cAAA P\u00f6delwitz\u201d). &hellip; <a href=\"https:\/\/aaapoedi.noblogs.org\/en-US\/skillshare\/\" class=\"more-link\">Continue reading<span class=\"screen-reader-text\"> &#8220;Skillshare 2019&#8221;<\/span><\/a><\/p>\n","protected":false},"author":13279,"featured_media":0,"parent":0,"menu_order":0,"comment_status":"closed","ping_status":"closed","template":"","meta":{"_locale":"en_US","_original_post":"203","footnotes":""},"class_list":["post-203","page","type-page","status-publish","hentry","en-US"],"_links":{"self":[{"href":"https:\/\/aaapoedi.noblogs.org\/wp-json\/wp\/v2\/pages\/203","targetHints":{"allow":["GET"]}}],"collection":[{"href":"https:\/\/aaapoedi.noblogs.org\/wp-json\/wp\/v2\/pages"}],"about":[{"href":"https:\/\/aaapoedi.noblogs.org\/wp-json\/wp\/v2\/types\/page"}],"author":[{"embeddable":true,"href":"https:\/\/aaapoedi.noblogs.org\/wp-json\/wp\/v2\/users\/13279"}],"replies":[{"embeddable":true,"href":"https:\/\/aaapoedi.noblogs.org\/wp-json\/wp\/v2\/comments?post=203"}],"version-history":[{"count":5,"href":"https:\/\/aaapoedi.noblogs.org\/wp-json\/wp\/v2\/pages\/203\/revisions"}],"predecessor-version":[{"id":506,"href":"https:\/\/aaapoedi.noblogs.org\/wp-json\/wp\/v2\/pages\/203\/revisions\/506"}],"wp:attachment":[{"href":"https:\/\/aaapoedi.noblogs.org\/wp-json\/wp\/v2\/media?parent=203"}],"curies":[{"name":"wp","href":"https:\/\/api.w.org\/{rel}","templated":true}]}}