{"id":374,"date":"2019-02-14T18:16:41","date_gmt":"2019-02-14T17:16:41","guid":{"rendered":"http:\/\/aaapoedi.noblogs.org\/?page_id=374"},"modified":"2022-01-09T15:33:35","modified_gmt":"2022-01-09T14:33:35","slug":"nutzliche-links","status":"publish","type":"page","link":"https:\/\/aaapoedi.noblogs.org\/en-US\/nutzliche-links\/","title":{"rendered":"N\u00fctzliche Links"},"content":{"rendered":"<p style=\"text-align: right\"><strong><img loading=\"lazy\" decoding=\"async\" class=\"size-full wp-image-650 alignleft\" src=\"https:\/\/aaapoedi.noblogs.org\/files\/2022\/01\/millabeifuss.png\" alt=\"\" width=\"510\" height=\"852\" srcset=\"https:\/\/aaapoedi.noblogs.org\/files\/2022\/01\/millabeifuss.png 510w, https:\/\/aaapoedi.noblogs.org\/files\/2022\/01\/millabeifuss-180x300.png 180w\" sizes=\"auto, (max-width: 510px) 85vw, 510px\" \/><\/strong><\/p>\n<p style=\"text-align: right\"><strong>Klimagerechtigkeit B\u00fcndnisse, Gruppen, Projekte..:<\/strong><\/p>\n<p style=\"text-align: right\"><span class=\"author-a-z81zz71zofz84zqeldz69zspaz75zz76zz77z\"><a href=\"https:\/\/www.poedelwitz.de\">P\u00f6delwitz hat Zukunft e.V.<\/a> <\/span><\/p>\n<p style=\"text-align: right\"><a href=\"https:\/\/www.alle-doerfer-bleiben.de\/\">B\u00fcndnis Alle D\u00f6rfer Bleiben<\/a><\/p>\n<p style=\"text-align: right\"><a href=\"https:\/\/twitter.com\/EndeGelaendeLE\">Ende Gel\u00e4nde Ortsgruppe Leipzig<\/a><\/p>\n<p style=\"text-align: right\"><a href=\"https:\/\/www.facebook.com\/RobinWoodLE\/\">Robin Wood Leipzig<\/a><\/p>\n<p style=\"text-align: right\"><a href=\"http:\/\/hambacherforst.org\">Hambacher Forst<\/a><\/p>\n<p style=\"text-align: right\"><a href=\"https:\/\/www.klimacamp-leipzigerland.de\">Klimacamp Leipziger Land<\/a><\/p>\n<div id=\"magicdomid243\" class=\"ace-line\">\n<p style=\"text-align: right\"><span class=\"\"><a href=\"http:\/\/luetzerathlebt.info\">ZAD Rheinland<\/a> <\/span><\/p>\n<\/div>\n<div id=\"magicdomid244\" class=\"ace-line\" style=\"text-align: right\">\n<p><span class=\"\"><a href=\"https:\/\/www.alle-doerfer-bleiben.de\">B\u00fcndnis Alle D\u00f6rfer Bleiben<\/a><br \/>\n<\/span><\/p>\n<\/div>\n<div id=\"magicdomid245\" class=\"ace-line\" style=\"text-align: right\">\n<p><span class=\"\"><a href=\"https:\/\/heibo.noblogs.org\">Heibo Waldbesetzung<\/a> <\/span><\/p>\n<\/div>\n<div id=\"magicdomid246\" class=\"ace-line\" style=\"text-align: right\">\n<p><span class=\"\"><a href=\"https:\/\/abcleipzig.noblogs.org\">ABC Leipzig<\/a> <\/span><\/p>\n<\/div>\n<div id=\"magicdomid277\" class=\"ace-line\" style=\"text-align: right\">\n<p><a href=\"https:\/\/perspektivesv.noblogs.org\"><span class=\"author-a-z81zz71zofz84zqeldz69zspaz75zz76zz77z\">Perspektive Selbstverwaltung<\/span><\/a><span class=\"author-a-wz71zz82zmz77zlz90zqfz80zkr0yz77zo\"> Berlin<br \/>\n<\/span><\/p>\n<\/div>\n<div id=\"magicdomid253\" class=\"ace-line\" style=\"text-align: right\">\n<p><span class=\"author-a-z81zz71zofz84zqeldz69zspaz75zz76zz77z\"><a href=\"https:\/\/www.solidarische-landwirtschaft.org\">Netzwerk Solidarische Landwirtschaft<\/a><br \/>\n<\/span><\/p>\n<\/div>\n<div id=\"magicdomid256\" class=\"ace-line\" style=\"text-align: right\">\n<p><a href=\"https:\/\/discourse.bits-und-baeume.org\/\"><span class=\"author-a-z81zz71zofz84zqeldz69zspaz75zz76zz77z\">Bits &amp; B\u00e4ume<\/span><\/a><\/p>\n<\/div>\n<div id=\"magicdomid257\" class=\"ace-line\">\n<p style=\"text-align: right\"><a href=\"https:\/\/ejatlas.org\/featured\/blockadia\"><span class=\"author-a-z81zz71zofz84zqeldz69zspaz75zz76zz77z\">Blockadia Map<\/span><\/a><\/p>\n<p>&nbsp;<\/p>\n<p style=\"text-align: right\"><strong>Hausprojekte &#8211; Projekth\u00e4user Leipzig und Umgebung:<\/strong><\/p>\n<\/div>\n<p style=\"text-align: right\"><a href=\"https:\/\/www.p\u00f6ge-haus.de\">P\u00f6ge- Haus Leipzig<\/a><\/p>\n<p style=\"text-align: right\"><a href=\"https:\/\/kanthaus.online\/de\">Kanthaus Wurzen<\/a><\/p>\n<p style=\"text-align: right\"><a href=\"https:\/\/wurze.de\/\">Kollektivhaus Wurze, Leipzig<\/a><\/p>\n<p style=\"text-align: right\"><a href=\"https:\/\/reil78.de\/\">Reilstra\u00dfe 78, Halle<\/a><\/p>\n<p style=\"text-align: right\"><a href=\"http:\/\/luftschlosserei.org\/\">Luftschlosserei, L\u00fctzkewitz<\/a><\/p>\n<p style=\"text-align: right\"><a href=\"https:\/\/www.libelle-leipzig.de\/\">Libelle, Leipzig<\/a><\/p>\n<p>&nbsp;<\/p>\n<p style=\"text-align: right\"><strong>Musik<\/strong><\/p>\n<p style=\"text-align: right\"><a href=\"https:\/\/soundcloud.com\/lautundluise\/montagssorbet037\">Montagssorbet mit Laut &amp; Luise #37 von Noema<\/a><\/p>\n<p style=\"text-align: right\"><a href=\"https:\/\/monaundhummel.noblogs.org\/musik\/cd\/\">Mona<\/a><\/p>\n<p style=\"text-align: right\"><a href=\"https:\/\/dishlicker.bandcamp.com\/releases\">Dishlicker<\/a><\/p>\n<p style=\"text-align: right\"><a href=\"https:\/\/arbeitstiteltortenschlacht.bandcamp.com\/album\/aufmucke\">Arbeitstitel Tortenschlacht<\/a><\/p>\n<p style=\"text-align: right\"><a href=\"https:\/\/cacophonixdiy.blogspot.com\/\">Folk Punk<\/a><\/p>\n","protected":false},"excerpt":{"rendered":"<p>Klimagerechtigkeit B\u00fcndnisse, Gruppen, Projekte..: P\u00f6delwitz hat Zukunft e.V. B\u00fcndnis Alle D\u00f6rfer Bleiben Ende Gel\u00e4nde Ortsgruppe Leipzig Robin Wood Leipzig Hambacher Forst Klimacamp Leipziger Land ZAD Rheinland B\u00fcndnis Alle D\u00f6rfer Bleiben Heibo Waldbesetzung ABC Leipzig Perspektive Selbstverwaltung Berlin Netzwerk Solidarische Landwirtschaft Bits &amp; B\u00e4ume Blockadia Map &nbsp; Hausprojekte &#8211; Projekth\u00e4user Leipzig und Umgebung: P\u00f6ge- Haus Leipzig &hellip; <a href=\"https:\/\/aaapoedi.noblogs.org\/en-US\/nutzliche-links\/\" class=\"more-link\">Continue reading<span class=\"screen-reader-text\"> &#8220;N\u00fctzliche Links&#8221;<\/span><\/a><\/p>\n","protected":false},"author":13279,"featured_media":0,"parent":0,"menu_order":0,"comment_status":"closed","ping_status":"closed","template":"","meta":{"_locale":"en_US","_original_post":"374","footnotes":""},"class_list":["post-374","page","type-page","status-publish","hentry","en-US"],"_links":{"self":[{"href":"https:\/\/aaapoedi.noblogs.org\/wp-json\/wp\/v2\/pages\/374","targetHints":{"allow":["GET"]}}],"collection":[{"href":"https:\/\/aaapoedi.noblogs.org\/wp-json\/wp\/v2\/pages"}],"about":[{"href":"https:\/\/aaapoedi.noblogs.org\/wp-json\/wp\/v2\/types\/page"}],"author":[{"embeddable":true,"href":"https:\/\/aaapoedi.noblogs.org\/wp-json\/wp\/v2\/users\/13279"}],"replies":[{"embeddable":true,"href":"https:\/\/aaapoedi.noblogs.org\/wp-json\/wp\/v2\/comments?post=374"}],"version-history":[{"count":10,"href":"https:\/\/aaapoedi.noblogs.org\/wp-json\/wp\/v2\/pages\/374\/revisions"}],"predecessor-version":[{"id":653,"href":"https:\/\/aaapoedi.noblogs.org\/wp-json\/wp\/v2\/pages\/374\/revisions\/653"}],"wp:attachment":[{"href":"https:\/\/aaapoedi.noblogs.org\/wp-json\/wp\/v2\/media?parent=374"}],"curies":[{"name":"wp","href":"https:\/\/api.w.org\/{rel}","templated":true}]}}